{"id":3322,"date":"2025-04-05T09:53:37","date_gmt":"2025-04-05T09:53:37","guid":{"rendered":"https:\/\/feinschmeckergarten.de\/?page_id=3322"},"modified":"2025-04-05T10:36:35","modified_gmt":"2025-04-05T10:36:35","slug":"nodig-gaertnern-ohne-umgraben","status":"publish","type":"page","link":"https:\/\/feinschmeckergarten.de\/index.php\/nodig-gaertnern-ohne-umgraben\/","title":{"rendered":"NoDig \u2013 G\u00e4rtnern ohne Umgraben"},"content":{"rendered":"\n<p>Eine stark verk\u00fcrzte Einf\u00fchrung in das Thema.<\/p>\n\n\n\n<h2 class=\"wp-block-heading\">Warum nicht umgraben?<\/h2>\n\n\n\n<ul class=\"wp-block-list\">\n<li>Weniger Arbeit, weil man sich das Umgraben spart.<\/li>\n\n\n\n<li>Weniger Arbeit, weil keine Samen von Beikr\u00e4utern (Unkr\u00e4utern) aus unteren Bodenschichten zum Keimen nach oben gebracht werden, die man dann j\u00e4ten m\u00fcsste.<\/li>\n\n\n\n<li>Weniger Arbeit, weil die Mulchschicht aus Kompost viele Beikr\u00e4uter vom Keimen abh\u00e4lt.<\/li>\n\n\n\n<li>Weniger Arbeit, weil sich trotzdem wachsende Beikr\u00e4uter in der losen Bodenstruktur gut entfernen lassen.<\/li>\n\n\n\n<li>Hohe Ertr\u00e4ge ohne Einsatz von D\u00fcnger und Gift (s.u.). <a href=\"https:\/\/feinschmeckergarten.de\/index.php\/2024\/01\/02\/rueckblick-auf-das-gartenjahr-2023\/\">1<\/a><\/li>\n\n\n\n<li>Die nat\u00fcrliche Bodenstruktur bleibt erhalten.\n<ul class=\"wp-block-list\">\n<li>Pilze z.B. k\u00f6nnen eine nat\u00fcrliche Zusammenarbeit mit Pflanzen eingehen, wenn sie beim Umgraben nicht zerst\u00f6rt werden. Dadurch brauchen Pflanzen keinen Kunstd\u00fcnger, weil sie N\u00e4hrstoffe mit Pilzen tauschen. <a href=\"https:\/\/www.merlinsheldrake.com\/entangled-life\" target=\"_blank\" rel=\"noreferrer noopener\">2<\/a><\/li>\n\n\n\n<li>Der Boden erh\u00e4lt eine bessere Speicherf\u00e4higkeit f\u00fcr Wasser. Regen wird besser aufgenommen. Es muss weniger gew\u00e4ssert werden und Bodenerosion bei Starkregen wird gemindert. <a href=\"https:\/\/www.rothamsted.ac.uk\/news\/where-theres-muck-theres-brass\" target=\"_blank\" rel=\"noreferrer noopener\">3<\/a><\/li>\n<\/ul>\n<\/li>\n\n\n\n<li>Umgraben oder Pfl\u00fcgen &#8211; insbesondere kombiniert mit Stickstoffd\u00fcngung &#8211; setzt CO2 und andere Klimagase frei. NoDig bindet langfristig Kohlenstoff im Boden und wirkt damit gegen die Klimaerhitzung.<\/li>\n<\/ul>\n\n\n\n<h2 class=\"wp-block-heading\">Wie funktioniert das?<\/h2>\n\n\n\n<ul class=\"wp-block-list\">\n<li>Einmal im Jahr (vorzugsweise im Winter) wird eine 3-5cm dicke Schicht hei\u00df-kompostierter Kompost auf die Beete gebracht und als Mulchschicht nicht eingearbeitet. Achtung: In kalt kompostierten Kompost k\u00f6nnen zahlreiche Beikr\u00e4utersamen enthalten sein!<\/li>\n\n\n\n<li>Der Boden wird minimal invasiv bearbeitet, d.h. es wird z.B. nur oberfl\u00e4chlich gehackt oder beim Einpflanzen neuer, kleinerer Pflanzen werden L\u00f6cher nur mit Handschaufeln aufgezogen statt gebuddelt.<\/li>\n\n\n\n<li>Auf den Einsatz von D\u00fcnger wird verzichtet, da dieser das nat\u00fcrliche Zusammenleben von Organismen im Boden zerst\u00f6rt. Gleiches gilt f\u00fcr Pestizide.<\/li>\n<\/ul>\n\n\n\n<h2 class=\"wp-block-heading\">Wo gibt es weitere Infos?<\/h2>\n\n\n\n<ul class=\"wp-block-list\">\n<li>Auf meinem Blog verlinke ich alle Beitr\u00e4ge, die mit No Dig zu tun haben unter dem Schlagwort:<br><a href=\"https:\/\/feinschmeckergarten.de\/index.php\/tag\/nodig\/\">https:\/\/feinschmeckergarten.de\/index.php\/tag\/nodig\/<\/a><br>Wie 2022 mein Marktgarten auf einem verunkrauteten Feld entstand, beschreibt eine Artikelserie, die hier losgeht: <a href=\"https:\/\/feinschmeckergarten.de\/index.php\/2022\/05\/18\/nodig-marktgarten-woche-1\/\">https:\/\/feinschmeckergarten.de\/index.php\/2022\/05\/18\/nodig-marktgarten-woche-1\/<\/a><\/li>\n\n\n\n<li>Charles Dowding ist einer der bekanntesten Vertreter von No Dig im Internet. In den letzten Jahren sind seine Beitr\u00e4ge leider zunehmend mit Werbung durchsetzt. Schau Dir vielleicht eher \u00e4ltere Videos an.<br>Charles Website: <a href=\"https:\/\/www.charlesdowding.co.uk\/\" target=\"_blank\" rel=\"noreferrer noopener\">https:\/\/www.charlesdowding.co.uk\/<\/a><br>Charles YouTube-Kanal: <a href=\"https:\/\/www.youtube.com\/@CharlesDowding1nodig\" target=\"_blank\" rel=\"noreferrer noopener\">https:\/\/www.youtube.com\/@CharlesDowding1nodig<\/a><\/li>\n\n\n\n<li>Stephanie Hafferty hat No Dig fr\u00fcher zusammen Charles bekannt gemacht: <a href=\"https:\/\/www.youtube.com\/@stephaniehaffertyhomesteading\" target=\"_blank\" rel=\"noreferrer noopener\">https:\/\/www.youtube.com\/@stephaniehaffertyhomesteading<\/a><\/li>\n<\/ul>\n\n\n\n<h2 class=\"wp-block-heading\">Fu\u00dfnoten<\/h2>\n\n\n\n<p>1) Meine Ertr\u00e4ge im ersten Jahr: <a href=\"https:\/\/feinschmeckergarten.de\/index.php\/2024\/01\/02\/rueckblick-auf-das-gartenjahr-2023\/\">https:\/\/feinschmeckergarten.de\/index.php\/2024\/01\/02\/rueckblick-auf-das-gartenjahr-2023\/<\/a><\/p>\n\n\n\n<p>2) Der Mykologe Merlin Sheldrake hat die Beziehungen zwischen Pflanzen und Pilzen nicht nur erforscht, sondern auch ein faszinierendes Buch dar\u00fcber geschrieben: <a href=\"https:\/\/www.merlinsheldrake.com\/entangled-life\" target=\"_blank\" rel=\"noreferrer noopener\">https:\/\/www.merlinsheldrake.com\/entangled-life<\/a><\/p>\n\n\n\n<p>3) Rothamsted ist eine der \u00e4ltesten landwirtschaftlichen Versuchsanstalten der Welt. Urspr\u00fcnglich gegr\u00fcndet mit dem Geld eines Pioniers der Produktion k\u00fcnstlichen D\u00fcngers, hat man dort untersucht und nachgewiesen, wie sch\u00e4dlich Kunstd\u00fcnger f\u00fcr unsere B\u00f6den ist: <a href=\"https:\/\/www.rothamsted.ac.uk\/news\/where-theres-muck-theres-brass\" target=\"_blank\" rel=\"noreferrer noopener\">https:\/\/www.rothamsted.ac.uk\/news\/where-theres-muck-theres-brass<\/a><\/p>\n\n\n\n<p><\/p>\n","protected":false},"excerpt":{"rendered":"<p>Eine stark verk\u00fcrzte Einf\u00fchrung in das Thema. Warum nicht umgraben? Wie funktioniert das? Wo gibt es weitere Infos? Fu\u00dfnoten 1) Meine Ertr\u00e4ge im ersten Jahr: https:\/\/feinschmeckergarten.de\/index.php\/2024\/01\/02\/rueckblick-auf-das-gartenjahr-2023\/ 2) Der Mykologe Merlin Sheldrake hat die Beziehungen zwischen Pflanzen und Pilzen nicht nur erforscht, sondern auch ein faszinierendes Buch dar\u00fcber geschrieben: https:\/\/www.merlinsheldrake.com\/entangled-life 3) Rothamsted ist eine der \u00e4ltesten &hellip; <\/p>\n<p class=\"link-more\"><a href=\"https:\/\/feinschmeckergarten.de\/index.php\/nodig-gaertnern-ohne-umgraben\/\" class=\"more-link\"><span class=\"screen-reader-text\">\u201eNoDig \u2013 G\u00e4rtnern ohne Umgraben\u201c <\/span>weiterlesen<\/a><\/p>\n","protected":false},"author":1,"featured_media":0,"parent":0,"menu_order":0,"comment_status":"closed","ping_status":"closed","template":"","meta":{"footnotes":""},"class_list":["post-3322","page","type-page","status-publish","hentry"],"_links":{"self":[{"href":"https:\/\/feinschmeckergarten.de\/index.php\/wp-json\/wp\/v2\/pages\/3322","targetHints":{"allow":["GET"]}}],"collection":[{"href":"https:\/\/feinschmeckergarten.de\/index.php\/wp-json\/wp\/v2\/pages"}],"about":[{"href":"https:\/\/feinschmeckergarten.de\/index.php\/wp-json\/wp\/v2\/types\/page"}],"author":[{"embeddable":true,"href":"https:\/\/feinschmeckergarten.de\/index.php\/wp-json\/wp\/v2\/users\/1"}],"replies":[{"embeddable":true,"href":"https:\/\/feinschmeckergarten.de\/index.php\/wp-json\/wp\/v2\/comments?post=3322"}],"version-history":[{"count":7,"href":"https:\/\/feinschmeckergarten.de\/index.php\/wp-json\/wp\/v2\/pages\/3322\/revisions"}],"predecessor-version":[{"id":3330,"href":"https:\/\/feinschmeckergarten.de\/index.php\/wp-json\/wp\/v2\/pages\/3322\/revisions\/3330"}],"wp:attachment":[{"href":"https:\/\/feinschmeckergarten.de\/index.php\/wp-json\/wp\/v2\/media?parent=3322"}],"curies":[{"name":"wp","href":"https:\/\/api.w.org\/{rel}","templated":true}]}}