{"id":16,"date":"2017-08-06T19:40:33","date_gmt":"2017-08-06T19:40:33","guid":{"rendered":"https:\/\/feinschmeckergarten.de\/?page_id=16"},"modified":"2020-06-17T09:41:23","modified_gmt":"2020-06-17T09:41:23","slug":"ueber-mich","status":"publish","type":"page","link":"https:\/\/feinschmeckergarten.de\/index.php\/ueber-mich\/","title":{"rendered":"\u00dcber mich"},"content":{"rendered":"<p>Am Anfang meiner g\u00e4rtnerischen Laufbahn standen einfache Gem\u00fcse wie z.B. Zucchini und in der K\u00fcche waren es Pfannkuchen.<\/p>\n<p>Aber wenn im Sommer meine Zucchini reif waren, gab es die im Supermarkt f\u00fcr ganz wenig Geld &#8211; und ganz ehrlich &#8211; so viel besser schmecken die eigenen auch nicht. Aber G\u00e4rtnern wollte ich gerne weiter.<\/p>\n<p>Da traf es sich, dass sich mein Kochstil auch immer weiter entwickelt hat und eines Tages als g\u00e4rtnerisches Ziel feststand, alle Zutaten f\u00fcr ein sch\u00f6nes, rotes Thaicurry selbst zu produzieren.<\/p>\n<p>Das klingt erst mal nicht so schwer, aber da w\u00e4ren folgende Zutaten im rauen Klima des n\u00f6rdlichsten Schleswig-Holsteins anzubauen:<\/p>\n<ul>\n<li>Thai-Auberginen<\/li>\n<li>Zitronengras<\/li>\n<li>Ingwer<\/li>\n<li>Thai-Ingwer\/Galgant<\/li>\n<li>rote Chili<\/li>\n<li>Koriander<\/li>\n<li>Thai-Basilikum<\/li>\n<li>Kaffir-Limette (Bl\u00e4tter)<\/li>\n<li>rote Paprika<\/li>\n<li>Knoblauch<\/li>\n<li>Zwiebeln<\/li>\n<\/ul>\n<p>Mittlerweile habe ich geschafft alles anzubauen &#8211; nur leider nicht immer alles gleichzeitig.\u00a0 \ud83d\ude09<\/p>\n<p>PS: Ein paar Zutaten habe ich nat\u00fcrlich unterschlagen. Aber bei folgenden Produkten endet auch mein Ehrgeiz:<\/p>\n<ul>\n<li>Reis (habe ich zweimal erfolglos probiert)<\/li>\n<li>Sojasauce (Meersalz geht auch &#8211; erzeuge ich &#8211; noch \ud83d\ude09 &#8211; nicht)<\/li>\n<li>\u00d6l (daf\u00fcr fehlt einfach der passende Acker und meine Olive will nicht wirklich bl\u00fchen)<\/li>\n<li>Kokosmilch (das Wohnzimmer ist nicht gro\u00df genug &#8230;)<\/li>\n<\/ul>\n<p>PPS: Das Gericht auf dem Bild zu diesem Artikel ist ein thai-inspiriertes Curry mit Kartoffeln, roter Beete und Mangold.<\/p>\n","protected":false},"excerpt":{"rendered":"<p>Am Anfang meiner g\u00e4rtnerischen Laufbahn standen einfache Gem\u00fcse wie z.B. Zucchini und in der K\u00fcche waren es Pfannkuchen. Aber wenn im Sommer meine Zucchini reif waren, gab es die im Supermarkt f\u00fcr ganz wenig Geld &#8211; und ganz ehrlich &#8211; so viel besser schmecken die eigenen auch nicht. Aber G\u00e4rtnern wollte ich gerne weiter. Da &hellip; <\/p>\n<p class=\"link-more\"><a href=\"https:\/\/feinschmeckergarten.de\/index.php\/ueber-mich\/\" class=\"more-link\"><span class=\"screen-reader-text\">\u201e\u00dcber mich\u201c <\/span>weiterlesen<\/a><\/p>\n","protected":false},"author":1,"featured_media":51,"parent":0,"menu_order":0,"comment_status":"closed","ping_status":"closed","template":"","meta":{"footnotes":""},"class_list":["post-16","page","type-page","status-publish","has-post-thumbnail","hentry"],"_links":{"self":[{"href":"https:\/\/feinschmeckergarten.de\/index.php\/wp-json\/wp\/v2\/pages\/16","targetHints":{"allow":["GET"]}}],"collection":[{"href":"https:\/\/feinschmeckergarten.de\/index.php\/wp-json\/wp\/v2\/pages"}],"about":[{"href":"https:\/\/feinschmeckergarten.de\/index.php\/wp-json\/wp\/v2\/types\/page"}],"author":[{"embeddable":true,"href":"https:\/\/feinschmeckergarten.de\/index.php\/wp-json\/wp\/v2\/users\/1"}],"replies":[{"embeddable":true,"href":"https:\/\/feinschmeckergarten.de\/index.php\/wp-json\/wp\/v2\/comments?post=16"}],"version-history":[{"count":5,"href":"https:\/\/feinschmeckergarten.de\/index.php\/wp-json\/wp\/v2\/pages\/16\/revisions"}],"predecessor-version":[{"id":1208,"href":"https:\/\/feinschmeckergarten.de\/index.php\/wp-json\/wp\/v2\/pages\/16\/revisions\/1208"}],"wp:featuredmedia":[{"embeddable":true,"href":"https:\/\/feinschmeckergarten.de\/index.php\/wp-json\/wp\/v2\/media\/51"}],"wp:attachment":[{"href":"https:\/\/feinschmeckergarten.de\/index.php\/wp-json\/wp\/v2\/media?parent=16"}],"curies":[{"name":"wp","href":"https:\/\/api.w.org\/{rel}","templated":true}]}}